{"id":193,"date":"2013-03-19T09:09:31","date_gmt":"2013-03-19T09:09:31","guid":{"rendered":"http:\/\/ferien-rhoen.de\/?page_id=193"},"modified":"2017-01-19T10:46:41","modified_gmt":"2017-01-19T10:46:41","slug":"gaststatten","status":"publish","type":"page","link":"https:\/\/ferien-rhoen.de\/index.php\/gaststatten\/","title":{"rendered":"Gastst\u00e4tten"},"content":{"rendered":"<p><em><strong>F\u00fcr genussreiche Stunden k\u00f6nnen wir Ihnen empfehlen<\/strong><\/em>:<\/p>\n<p><strong><a href=\"http:\/\/kneshecke.de\" target=\"_blank\">Seegastst\u00e4tte Kneshecke<\/a>, Dipperz-Friesenhausen, Kneseckenweg 57, &nbsp; &nbsp; &nbsp; &nbsp; &nbsp; &nbsp; &nbsp;&nbsp; <\/strong><strong>Tel. 06657 &#8211; 8525<\/strong><\/p>\n<p>Diese Gastst\u00e4tte ist weit \u00fcber die Region bekannt. Am offenen Feuer werden die Spezialit\u00e4ten wie Leiterchen oder Spie\u00dfe angerichtet. Ein weitere Besonderheit ist das Essen &#8222;Vom hei\u00dfen Stein&#8220; und viele andere regionale Spezialit\u00e4ten bzw. Wochen mit internationalen Spezialgerichten. Im Sommer steht ein gro\u00dfer Biergarten f\u00fcr erlebnisreiche Stunden zur Verf\u00fcgung. Im Sommer sind Kinderkajak und Flo\u00df f\u00fcr die Kinder ein Gaudi; im Winter Schlittschuhverleih f\u00fcr den Natursee.<br \/>\n<a href=\"http:\/\/www.kneshecke.de\">www.kneshecke.de<\/a>&nbsp;&nbsp;&nbsp;&nbsp;&nbsp;&nbsp; i<a href=\"nfo@kneshecke.de\">nfo@kneshecke.de<\/a><br \/>\n\u00d6ffnungszeiten: Nov.- April 17 &#8211; 24 Uhr, Sonn- und Feiertag 11,30 &#8211; 24 Uhr<br \/>\nMai &#8211; Okt. 11,30 &#8211; 24 Uhr, Mo + Di. ab 17 Uhr<\/p>\n<p><strong><a href=\"http:\/\/ferien-rhoen.de\/wp-content\/uploads\/2013\/03\/Bild-184.jpg\"><img loading=\"lazy\" decoding=\"async\" class=\"wp-image-358 alignright\" style=\"width: 300px;\" src=\"http:\/\/ferien-rhoen.de\/wp-content\/uploads\/2013\/03\/Bild-184.jpg\" alt=\"OLYMPUS DIGITAL CAMERA\" height=\"268\" width=\"505\"><\/a><a href=\"http:\/\/puppenhaus-dipperz.de\" target=\"_blank\">Puppenhaus am Brunnen<\/a>, Dipperz, Fuldaer Str. 28, Tel. 06657 &#8211; 918059<\/strong><\/p>\n<p>Restaurant der gehobeneren K\u00fcche, monatlich wechselnde Menues, Neben Fleischgerichten ist das Haus f\u00fcr ausgezeichnete Fischgerichte bekannt.<br \/>\n<a href=\"http:\/\/www.puppenhaus-dipperz.de\">www.puppenhaus-dipperz.de <\/a><a href=\"http:\/\/nfo@puppenhaus-dipperz.de\">info@puppenhaus-dipperz.de<\/a><br \/>\n\u00d6ffnungszeiten: Mi.-Sa. ab 17,30 Uhr, Sonn- und Feiertage 11,30 &#8211; 14 Uhr und ab 17,30 Uhr<br \/>\ngeschlossen vom Mai &#8211; Oktober<\/p>\n<p><strong><a href=\"http:\/\/ristorante-marsala.de\" target=\"_blank\">Ristorante Marsala<\/a>, Dipperz, Fuldaer Str. 14, Tel. 06657 &#8211; 919872<\/strong><\/p>\n<p>Italienischen Restaurant mit Life-Style Charakter. Hier erleben Sie italienisches, unbeschwertes Lebensgef\u00fchl.<br \/>\nNeben Pizza in vielen Variation umfasst die Karte auch viele deutsche und italienische Fisch- und Fleischgerichte.&nbsp;&nbsp;&nbsp;&nbsp;&nbsp;&nbsp; <a href=\"http:\/\/ferien-rhoen.de\/gaststatten\/902083_595687840442131_111602830_o\/\" rel=\"attachment wp-att-497\"><img loading=\"lazy\" decoding=\"async\" class=\"alignnone size-full wp-image-497\" src=\"http:\/\/ferien-rhoen.de\/wp-content\/uploads\/2013\/03\/902083_595687840442131_111602830_o.jpg\" alt=\"\" height=\"1042\" width=\"1896\" srcset=\"https:\/\/ferien-rhoen.de\/wp-content\/uploads\/2013\/03\/902083_595687840442131_111602830_o.jpg 1896w, https:\/\/ferien-rhoen.de\/wp-content\/uploads\/2013\/03\/902083_595687840442131_111602830_o-300x164.jpg 300w, https:\/\/ferien-rhoen.de\/wp-content\/uploads\/2013\/03\/902083_595687840442131_111602830_o-1024x562.jpg 1024w, https:\/\/ferien-rhoen.de\/wp-content\/uploads\/2013\/03\/902083_595687840442131_111602830_o-600x329.jpg 600w, https:\/\/ferien-rhoen.de\/wp-content\/uploads\/2013\/03\/902083_595687840442131_111602830_o-500x274.jpg 500w\" sizes=\"auto, (max-width: 1896px) 100vw, 1896px\" \/><\/a><\/p>\n<p>Biertheke und Cocktails<br \/>\nwww.ristorante-marsala.de<br \/>\n\u00d6ffnungszeiten: Mo-Fr. 11,30 &#8211; 14 Uhr + 17 &#8211; 23 Uhr, Sa. 17 &#8211; 24 Uhr, So. 11 &#8211; 14 Uhr + 17 &#8211; 23 Uhr<\/p>\n<p><strong>Hotel-Restaurant Rh\u00f6n Residence, Dipperz-Friesenhausen, Knesheckenweg 2, Tel.<\/strong> <strong>06657 &#8211; 9800<\/strong><br \/>\n\u00d6ffnungszeit: t\u00e4glich durchgehend ge\u00f6ffnet<\/p>\n<p><strong>Cafe Wehner, Dipperz-Friesenhausen, Dietershausener Str. 24, Tel. 06675 &#8211; 294<\/strong><\/p>\n<p>Alt eingesessenes Restaurant und Cafe mit einheimischen Produkten<br \/>\n\u00d6ffnungszeiten:<\/p>\n<p><strong>Imbiss: Pizza-D\u00f6ner Alanya, Dipperz, Weberstr. 2, Tel. 06657 &#8211; 914966<\/strong><br \/>\n\u00d6ffnungszeiten:<\/p>\n<p>&nbsp;<\/p>\n<p><strong>Weitere Gastst\u00e4tten aus der Kooperation &#8222;Rh\u00f6ner Charme&#8220; in den angrenzenden Nachbargemeinden<\/strong>:<\/p>\n<p>Landgasthof Rh\u00f6nblick, Rochusstr. 1, K\u00fcnzell-Wissels, &nbsp;Ruhetag: Donnerstag<\/p>\n<p>Gasthof Biebertal, Bahnhofstr. 16, Hofbieber-Langenbieber, Ruhetag: Montag<\/p>\n<p>Gasthof Zur Linde, Biebersteiner Str. 13, Hofbieber-Langenbieber<\/p>\n<p>Gasthof Kiesbergquelle, Langenbieberer Str. 3, Hofbieber, Ruhetag: Dienstag<\/p>\n<p>Gasthof Sondergeld, Am Lindenplatz 4, Hofbieber, Ruhetag: Mittwoch<\/p>\n<p>Fuldaer Haus, Maulkuppe 1, Poppenhausen-Steinwand, Ruhetag: Montag<\/p>\n<p>Berggasthof zur Ebersburg, Neuwart 60, Poppenhausen, Ruhetag: Montag + Dienstag<\/p>\n<p>Gastst\u00e4tte Weikartshof, Weikartshof 1, Ebersburg, Ruhetag: Montag + Dienstag<\/p>\n<p>&nbsp;<\/p>\n","protected":false},"excerpt":{"rendered":"<p>F\u00fcr genussreiche Stunden k\u00f6nnen wir Ihnen empfehlen: Seegastst\u00e4tte Kneshecke, Dipperz-Friesenhausen, Kneseckenweg 57, &nbsp; &nbsp; &nbsp; &nbsp; &nbsp; &nbsp; &nbsp;&nbsp; Tel. 06657 &#8211; 8525 Diese Gastst\u00e4tte ist weit \u00fcber die Region bekannt. Am offenen Feuer werden die Spezialit\u00e4ten wie Leiterchen oder &hellip; <a href=\"https:\/\/ferien-rhoen.de\/index.php\/gaststatten\/\">Weiterlesen <span class=\"meta-nav\">&rarr;<\/span><\/a><\/p>\n","protected":false},"author":1,"featured_media":0,"parent":0,"menu_order":0,"comment_status":"closed","ping_status":"closed","template":"","meta":{"ngg_post_thumbnail":0,"footnotes":""},"class_list":["post-193","page","type-page","status-publish","hentry"],"_links":{"self":[{"href":"https:\/\/ferien-rhoen.de\/index.php\/wp-json\/wp\/v2\/pages\/193","targetHints":{"allow":["GET"]}}],"collection":[{"href":"https:\/\/ferien-rhoen.de\/index.php\/wp-json\/wp\/v2\/pages"}],"about":[{"href":"https:\/\/ferien-rhoen.de\/index.php\/wp-json\/wp\/v2\/types\/page"}],"author":[{"embeddable":true,"href":"https:\/\/ferien-rhoen.de\/index.php\/wp-json\/wp\/v2\/users\/1"}],"replies":[{"embeddable":true,"href":"https:\/\/ferien-rhoen.de\/index.php\/wp-json\/wp\/v2\/comments?post=193"}],"version-history":[{"count":0,"href":"https:\/\/ferien-rhoen.de\/index.php\/wp-json\/wp\/v2\/pages\/193\/revisions"}],"wp:attachment":[{"href":"https:\/\/ferien-rhoen.de\/index.php\/wp-json\/wp\/v2\/media?parent=193"}],"curies":[{"name":"wp","href":"https:\/\/api.w.org\/{rel}","templated":true}]}}