{"id":2,"date":"2012-05-02T07:58:29","date_gmt":"2012-05-02T07:58:29","guid":{"rendered":"http:\/\/ferien-rhoen.de\/?page_id=2"},"modified":"2021-08-18T11:50:44","modified_gmt":"2021-08-18T11:50:44","slug":"beispiel-seite","status":"publish","type":"page","link":"https:\/\/ferien-rhoen.de\/","title":{"rendered":"Herzlich Willkommen"},"content":{"rendered":"<p>auf den Informationsseiten des Fremdenverkehrsverein Dipperz \/ Rh\u00f6n. Wir werden Ihnen die Vielseitigkeit der Rh\u00f6n, das Angebot der Gemeinde und die Angebote der vielen&nbsp;Ausflugsziele durch Beschreibung und Links n\u00e4her&nbsp;bringen.<\/p>\n<p>Die Gemeinde <strong>Dipperz<\/strong> mit 3.600 Einwohnern liegt &#8220; als Tor zur Rh\u00f6n &#8220; im sch\u00f6nsten Teil der hess. Rh\u00f6n, einem Biosph\u00e4renreservat der UNESCO.<\/p>\n<p style=\"text-align: left;\"><a href=\"http:\/\/ferien-rhoen.de\/beispiel-seite\/kirche-dipperz\/\" rel=\"attachment wp-att-56\"><img loading=\"lazy\" decoding=\"async\" class=\"alignnone size-full wp-image-56\" src=\"http:\/\/ferien-rhoen.de\/wp-content\/uploads\/2012\/05\/Kirche-Dipperz.jpg\" alt=\"Kirche Dipperz\" width=\"279\" height=\"430\" srcset=\"https:\/\/ferien-rhoen.de\/wp-content\/uploads\/2012\/05\/Kirche-Dipperz.jpg 279w, https:\/\/ferien-rhoen.de\/wp-content\/uploads\/2012\/05\/Kirche-Dipperz-194x300.jpg 194w\" sizes=\"auto, (max-width: 279px) 100vw, 279px\" \/><\/a><\/p>\n<p>Von Dipperz k\u00f6nnen Sie alle Ausflugsziele der Region schnell erreichen (15 Autominuten zur Barockstadt Fulda bzw. 12 km zur Wasserkuppe mit Fuldaquelle).<\/p>\n<div id=\"attachment_83\" style=\"width: 1349px\" class=\"wp-caption alignnone\"><a href=\"http:\/\/ferien-rhoen.de\/landschaft-rhon\/friesenhausen-kl\/\" rel=\"attachment wp-att-83\"><img loading=\"lazy\" decoding=\"async\" aria-describedby=\"caption-attachment-83\" class=\" wp-image-83\" src=\"http:\/\/ferien-rhoen.de\/wp-content\/uploads\/2013\/03\/Friesenhausen-kl.jpg\" alt=\"Friesenhausen kl\" width=\"1339\" height=\"964\" srcset=\"https:\/\/ferien-rhoen.de\/wp-content\/uploads\/2013\/03\/Friesenhausen-kl.jpg 1339w, https:\/\/ferien-rhoen.de\/wp-content\/uploads\/2013\/03\/Friesenhausen-kl-300x215.jpg 300w, https:\/\/ferien-rhoen.de\/wp-content\/uploads\/2013\/03\/Friesenhausen-kl-1024x737.jpg 1024w, https:\/\/ferien-rhoen.de\/wp-content\/uploads\/2013\/03\/Friesenhausen-kl-600x431.jpg 600w, https:\/\/ferien-rhoen.de\/wp-content\/uploads\/2013\/03\/Friesenhausen-kl-416x300.jpg 416w\" sizes=\"auto, (max-width: 1339px) 100vw, 1339px\" \/><\/a><p id=\"caption-attachment-83\" class=\"wp-caption-text\">Erholungsort Friesenhausen mit Feriendorf Rh\u00f6n Residence<\/p><\/div>\n<p>Insbesondere in &nbsp;unserem <strong>Erholungsort Friesenhausen<\/strong><\/p>\n<p>mit dem Ferienpark Rh\u00f6n Residence finden Sie erholsame, genussreiche und sportliche Stunden f\u00fcr Gro\u00df und Klein in Ferienh\u00e4usern, Ferienwohnungen, Pensionen und Hotel.&nbsp; Aber auch besondere Erlebnisse auf dem Bauernhof oder einem Pferdehof k\u00f6nnen Sie in Dipperz erleben.<\/p>\n<p>Lassen Sie sich \u00fcberraschen von der Vielzahl der angebotenen M\u00f6glichkeiten.<\/p>\n<p><a title=\"Willkommen in Dipperz \/ Rh\u00f6n\" href=\"http:\/\/ferien-rhoen.de\/willkommen-in-dipperz-rhon\/\">Willkommen in Dipperz<\/a><\/p>\n<p><a title=\"Willkommen in der Rh\u00f6n\" href=\"http:\/\/ferien-rhoen.de\/willkommen-in-der-rhon\/\">Willkommen in der Rh\u00f6n<\/a><br \/>\n<iframe loading=\"lazy\" src=\"http:\/\/maps.google.de\/maps?f=q&amp;source=s_q&amp;hl=de&amp;geocode=&amp;q=dipperz&amp;aq=&amp;sll=51.175806,10.454119&amp;sspn=10.614344,28.54248&amp;ie=UTF8&amp;hq=&amp;hnear=Dipperz,+Kassel,+Hessen&amp;t=m&amp;ll=50.568847,9.793625&amp;spn=0.152643,0.291824&amp;z=11&amp;iwloc=A&amp;output=embed\" width=\"425\" height=\"350\" frameborder=\"0\" marginwidth=\"0\" marginheight=\"0\" scrolling=\"no\"><\/iframe><br \/>\n<small><a style=\"color: #0000ff; text-align: left;\" href=\"http:\/\/maps.google.de\/maps?f=q&amp;source=embed&amp;hl=de&amp;geocode=&amp;q=dipperz&amp;aq=&amp;sll=51.175806,10.454119&amp;sspn=10.614344,28.54248&amp;ie=UTF8&amp;hq=&amp;hnear=Dipperz,+Kassel,+Hessen&amp;t=m&amp;ll=50.568847,9.793625&amp;spn=0.152643,0.291824&amp;z=11&amp;iwloc=A\">Gr\u00f6\u00dfere Kartenansicht<\/a><\/small><\/p>\n","protected":false},"excerpt":{"rendered":"<p>auf den Informationsseiten des Fremdenverkehrsverein Dipperz \/ Rh\u00f6n. Wir werden Ihnen die Vielseitigkeit der Rh\u00f6n, das Angebot der Gemeinde und die Angebote der vielen&nbsp;Ausflugsziele durch Beschreibung und Links n\u00e4her&nbsp;bringen. Die Gemeinde Dipperz mit 3.600 Einwohnern liegt &#8220; als Tor zur &hellip; <a href=\"https:\/\/ferien-rhoen.de\/\">Weiterlesen <span class=\"meta-nav\">&rarr;<\/span><\/a><\/p>\n","protected":false},"author":1,"featured_media":56,"parent":0,"menu_order":0,"comment_status":"closed","ping_status":"closed","template":"","meta":{"ngg_post_thumbnail":0,"footnotes":""},"class_list":["post-2","page","type-page","status-publish","has-post-thumbnail","hentry"],"_links":{"self":[{"href":"https:\/\/ferien-rhoen.de\/index.php\/wp-json\/wp\/v2\/pages\/2","targetHints":{"allow":["GET"]}}],"collection":[{"href":"https:\/\/ferien-rhoen.de\/index.php\/wp-json\/wp\/v2\/pages"}],"about":[{"href":"https:\/\/ferien-rhoen.de\/index.php\/wp-json\/wp\/v2\/types\/page"}],"author":[{"embeddable":true,"href":"https:\/\/ferien-rhoen.de\/index.php\/wp-json\/wp\/v2\/users\/1"}],"replies":[{"embeddable":true,"href":"https:\/\/ferien-rhoen.de\/index.php\/wp-json\/wp\/v2\/comments?post=2"}],"version-history":[{"count":0,"href":"https:\/\/ferien-rhoen.de\/index.php\/wp-json\/wp\/v2\/pages\/2\/revisions"}],"wp:featuredmedia":[{"embeddable":true,"href":"https:\/\/ferien-rhoen.de\/index.php\/wp-json\/wp\/v2\/media\/56"}],"wp:attachment":[{"href":"https:\/\/ferien-rhoen.de\/index.php\/wp-json\/wp\/v2\/media?parent=2"}],"curies":[{"name":"wp","href":"https:\/\/api.w.org\/{rel}","templated":true}]}}