{"id":623,"date":"2018-05-20T11:17:47","date_gmt":"2018-05-20T11:17:47","guid":{"rendered":"http:\/\/ferien-rhoen.de\/?page_id=623"},"modified":"2018-05-28T15:47:30","modified_gmt":"2018-05-28T15:47:30","slug":"wanderfuehrer","status":"publish","type":"page","link":"https:\/\/ferien-rhoen.de\/index.php\/wanderfuehrer\/","title":{"rendered":"Wander und Stadtf\u00fchrer"},"content":{"rendered":"<p>Liebe G\u00e4ste,<\/p>\n<p>die Rh\u00f6n ist ein sehr beliebtes Wandergebiet. Das &#8222;Land der offenen Fernen&#8220; bietet herrliche Ausblicke in eine besondere Landschaft.<\/p>\n<p>Das von der UNESCO ausgezeichnete Biosph\u00e4renreservat Rh\u00f6n bietet neben der naturnahen Landschaft noch viele besondere Erlebnisse an.<\/p>\n<p>Da jede Wandergruppe individuelle Vorlieben hat, bieten wir Ihnen&nbsp; eine gro\u00dfe Auswahl von verschiedenen Events mit Wanderf\u00fchrern an. Bitte w\u00e4hlen Sie auf folgender Seite:<br \/>\n<a href=\"http:\/\/biosphaerenreservat-rhoen.de\/natur-und-landschaftsfuehrer\">http:\/\/biosphaerenreservat-rhoen.de\/natur-und-landschaftsfuehrer<\/a><\/p>\n<p>F\u00fcr Stadtf\u00fchrungen in der Barock- und Bischofsstadt Fulda finden Sie Anregungen und F\u00fchrer unter&nbsp;<a href=\"http:\/\/www.tourismus-fulda.de\/fuehrungen\/fuer-gruppen.html\">http:\/\/www.tourismus-fulda.de\/fuehrungen\/fuer-gruppen.html<\/a><\/p>\n<p>Gerne steht Ihnen auch der Rh\u00f6nklub ZV Dipperz f\u00fcr Ausk\u00fcnfte zur Verf\u00fcgung<br \/>\nInternetseite:&nbsp; <a href=\"http:\/\/www.rhoenklub-dipperz.de\">rhoenklub-dipperz.de <\/a><\/p>\n","protected":false},"excerpt":{"rendered":"<p>Liebe G\u00e4ste, die Rh\u00f6n ist ein sehr beliebtes Wandergebiet. Das &#8222;Land der offenen Fernen&#8220; bietet herrliche Ausblicke in eine besondere Landschaft. Das von der UNESCO ausgezeichnete Biosph\u00e4renreservat Rh\u00f6n bietet neben der naturnahen Landschaft noch viele besondere Erlebnisse an. Da jede &hellip; <a href=\"https:\/\/ferien-rhoen.de\/index.php\/wanderfuehrer\/\">Weiterlesen <span class=\"meta-nav\">&rarr;<\/span><\/a><\/p>\n","protected":false},"author":1,"featured_media":0,"parent":0,"menu_order":0,"comment_status":"closed","ping_status":"closed","template":"","meta":{"ngg_post_thumbnail":0,"footnotes":""},"class_list":["post-623","page","type-page","status-publish","hentry"],"_links":{"self":[{"href":"https:\/\/ferien-rhoen.de\/index.php\/wp-json\/wp\/v2\/pages\/623","targetHints":{"allow":["GET"]}}],"collection":[{"href":"https:\/\/ferien-rhoen.de\/index.php\/wp-json\/wp\/v2\/pages"}],"about":[{"href":"https:\/\/ferien-rhoen.de\/index.php\/wp-json\/wp\/v2\/types\/page"}],"author":[{"embeddable":true,"href":"https:\/\/ferien-rhoen.de\/index.php\/wp-json\/wp\/v2\/users\/1"}],"replies":[{"embeddable":true,"href":"https:\/\/ferien-rhoen.de\/index.php\/wp-json\/wp\/v2\/comments?post=623"}],"version-history":[{"count":0,"href":"https:\/\/ferien-rhoen.de\/index.php\/wp-json\/wp\/v2\/pages\/623\/revisions"}],"wp:attachment":[{"href":"https:\/\/ferien-rhoen.de\/index.php\/wp-json\/wp\/v2\/media?parent=623"}],"curies":[{"name":"wp","href":"https:\/\/api.w.org\/{rel}","templated":true}]}}