{"id":629,"date":"2018-05-24T22:23:14","date_gmt":"2018-05-24T22:23:14","guid":{"rendered":"http:\/\/ferien-rhoen.de\/?page_id=629"},"modified":"2018-05-28T15:36:29","modified_gmt":"2018-05-28T15:36:29","slug":"datenschutzerklaerung","status":"publish","type":"page","link":"https:\/\/ferien-rhoen.de\/index.php\/datenschutzerklaerung\/","title":{"rendered":"Datenschutzerkl\u00e4rung"},"content":{"rendered":"<p><strong>Datenschutzerkl\u00e4rung entsprechend der europ\u00e4ischen Datenschutzverordnung <\/strong><\/p>\n<p><strong>&nbsp;&nbsp;&nbsp;&nbsp;&nbsp;&nbsp;&nbsp;&nbsp;&nbsp;&nbsp;&nbsp;&nbsp;&nbsp;&nbsp;&nbsp;&nbsp;&nbsp;&nbsp;&nbsp;&nbsp;&nbsp;&nbsp;&nbsp;&nbsp; Weitergehende Datenschutzhinweise f\u00fcr Mitglieder<\/strong><\/p>\n<p>Wir m\u00f6chten Sie dar\u00fcber informieren, dass die von Ihnen in Ihrer Beitrittserkl\u00e4rung angegebenen personenbezogenen Daten (Name, Adresse, Geburtstag sowie ggf. Telefonnummer, E-Mail-Adresse und Bankverbindung) auf den EDV-Systemen des Fremdenverkehrsverein Dipperz e.V.&nbsp; gespeichert und f\u00fcr Verwaltungszwecke des Vereins verarbeitet und genutzt werden. Verantwortliche Stelle ist der Fremdenverkehrsverein Dipperz e.V.<\/p>\n<p>Wir sichern Ihnen zu, Ihre personenbezogenen Daten vertraulich zu behandeln und nicht an Dritte weiterzugeben. Hiervon sind die Daten von Vorstandsmitgliedern ausgenommen. Der Fremdenverkehrsverein Dipperz e.V. ver\u00f6ffentlicht die Kontaktdaten seiner Vorst\u00e4nde, ehemaliger Vorstandsmitglieder auch auf der Internetseite des Vereins. Die reine Namensnennung kann auch im amtlichen Mitteilungsblatt der Gemeinde, den \u201eDipperzer Nachrichten\u201c im Rahmen von Berichten und Hinweisen erfolgen. Bei Gruppenaufnahmen wird mit Zustellung zur Gruppe das Einverst\u00e4ndnis zur Ver\u00f6ffentlichung erteilt. &nbsp;<\/p>\n<p>Sofern wir im Rahmen unserer Verarbeitung Daten gegen\u00fcber anderen Personen und Unternehmen (z.B. Banken) offenbaren, sie an diese \u00fcbermitteln oder ihnen sonst Zugriff auf die Daten gew\u00e4hren, erfolgt dies nur auf Grundlage einer gesetzlichen Erlaubnis, Sie eingewilligt haben, eine rechtliche Verpflichtung dies vorsieht oder auf Grundlage unserer berechtigten Interessen (Art. 28 DSBVO).<\/p>\n<p>Sie k\u00f6nnen jederzeit schriftlich Auskunft \u00fcber die bez\u00fcglich Ihrer Person gespeicherten Daten erhalten und Korrektur verlangen, soweit die beim Fremdenverkehrsverein Dipperz e.V. &nbsp;gespeicherten Daten nicht richtig sind. Wenn die gespeicherten Daten f\u00fcr die Abwicklung der Verwaltungsprozesse des Fremdenverkehrsverein Dipperz e.V. &nbsp;nicht erforderlich sind, k\u00f6nnen Sie auch eine Sperrung und gegebenenfalls eine L\u00f6schung Ihrer personenbezogenen Daten verlangen.<\/p>\n<p>Nach einer Beendigung der Mitgliedschaft werden Ihre personenbezogenen Daten gel\u00f6scht, soweit sie nicht, entsprechend der steuerrechtlichen oder sonstigen gesetzlichen Vorgaben, aufbewahrt werden m\u00fcssen. Hiervon sind die Daten ehemaliger Funktionstr\u00e4ger und Mitglieder mit Ehrungen ausgeschlossen, die weiterhin elektronisch archiviert werden.<\/p>\n<p>Eine Nutzung Ihrer personenbezogenen Daten f\u00fcr Werbezwecke findet&nbsp; durch den Fremdenverkehrsverein Dipperz e.V. &nbsp;nur statt, wenn Sie dem zugestimmt haben.<\/p>\n<p>Mit dem Beitritt zum Fremdenverkehrsverein Dipperz e.V. &nbsp;wird best\u00e4tigt, dass die Datenschutzhinweise f\u00fcr Mitglieder zur Kenntnis genommen und akzeptiert wurden.<\/p>\n<p>Mit dem Beitritt zum Fremdenverkehrsverein Dipperz e.V. nehmen Sie zur Kenntnis, dass der Fremdenverkehrsverein Dipperz e.V. Ihre E-Mail-Adresse und Telefonnummer (sofern angegeben) zum Zwecke der \u00dcbermittlung der von Ihnen gew\u00fcnschten Medien sowie zur allgemeinen Vereinskommunikation nutzt.<\/p>\n<p>Datenschutzverantwortlicher:&nbsp;&nbsp;&nbsp;&nbsp;&nbsp;&nbsp;&nbsp;&nbsp;&nbsp; Hans-J\u00fcrgen W\u00fcnnenberg, Eichbergstr. 15,<br \/>\n36160 Dipperz&nbsp;&nbsp;&nbsp;&nbsp;&nbsp; &nbsp; Tel. 06657 \u2013 608678 &nbsp;&nbsp;&nbsp; Email: <a href=\"mailto:h.j.wuennenberg@t-online.de\">h.j.wuennenberg@t-online.de<\/a><\/p>\n<p><strong>&nbsp;<\/strong>Allgemeine Datenschutzinformationen und Abwicklungshinweise bei&nbsp; Nutzung der Website finden Sie unter&nbsp;<a href=\"http:\/\/www.ferien-rhoen.de\/Impressum\/\"> ferien-rhoen.de\/Impressum\/ <\/a><strong><br \/>\n<\/strong><\/p>\n","protected":false},"excerpt":{"rendered":"<p>Datenschutzerkl\u00e4rung entsprechend der europ\u00e4ischen Datenschutzverordnung &nbsp;&nbsp;&nbsp;&nbsp;&nbsp;&nbsp;&nbsp;&nbsp;&nbsp;&nbsp;&nbsp;&nbsp;&nbsp;&nbsp;&nbsp;&nbsp;&nbsp;&nbsp;&nbsp;&nbsp;&nbsp;&nbsp;&nbsp;&nbsp; Weitergehende Datenschutzhinweise f\u00fcr Mitglieder Wir m\u00f6chten Sie dar\u00fcber informieren, dass die von Ihnen in Ihrer Beitrittserkl\u00e4rung angegebenen personenbezogenen Daten (Name, Adresse, Geburtstag sowie ggf. Telefonnummer, E-Mail-Adresse und Bankverbindung) auf den EDV-Systemen des Fremdenverkehrsverein Dipperz &hellip; <a href=\"https:\/\/ferien-rhoen.de\/index.php\/datenschutzerklaerung\/\">Weiterlesen <span class=\"meta-nav\">&rarr;<\/span><\/a><\/p>\n","protected":false},"author":1,"featured_media":0,"parent":0,"menu_order":0,"comment_status":"closed","ping_status":"closed","template":"","meta":{"ngg_post_thumbnail":0,"footnotes":""},"class_list":["post-629","page","type-page","status-publish","hentry"],"_links":{"self":[{"href":"https:\/\/ferien-rhoen.de\/index.php\/wp-json\/wp\/v2\/pages\/629","targetHints":{"allow":["GET"]}}],"collection":[{"href":"https:\/\/ferien-rhoen.de\/index.php\/wp-json\/wp\/v2\/pages"}],"about":[{"href":"https:\/\/ferien-rhoen.de\/index.php\/wp-json\/wp\/v2\/types\/page"}],"author":[{"embeddable":true,"href":"https:\/\/ferien-rhoen.de\/index.php\/wp-json\/wp\/v2\/users\/1"}],"replies":[{"embeddable":true,"href":"https:\/\/ferien-rhoen.de\/index.php\/wp-json\/wp\/v2\/comments?post=629"}],"version-history":[{"count":0,"href":"https:\/\/ferien-rhoen.de\/index.php\/wp-json\/wp\/v2\/pages\/629\/revisions"}],"wp:attachment":[{"href":"https:\/\/ferien-rhoen.de\/index.php\/wp-json\/wp\/v2\/media?parent=629"}],"curies":[{"name":"wp","href":"https:\/\/api.w.org\/{rel}","templated":true}]}}